{"id":2031,"date":"2025-02-26T16:57:36","date_gmt":"2025-02-26T08:57:36","guid":{"rendered":"https:\/\/jxycf.com\/?post_type=product&#038;p=2031"},"modified":"2025-04-15T09:56:50","modified_gmt":"2025-04-15T01:56:50","slug":"tay-vot-bong-chay-the-thao-tay-cao-su-soi-carbon-hoac-soi-thuy-tinh-tay-vot-bong-chay","status":"publish","type":"product","link":"https:\/\/jxycf.com\/vi\/product\/sport-pickleball-paddle-eraser-rubber-cleaner-carbon-fiber-or-glass-fiber-pickleball-paddle-eraser\/","title":{"rendered":"T\u1ea9y v\u1ee3t b\u00f3ng ch\u00e0y th\u1ec3 thao Pickleball cao su l\u00e0m s\u1ea1ch s\u1ee3i carbon ho\u1eb7c s\u1ee3i th\u1ee7y tinh T\u1ea9y v\u1ee3t b\u00f3ng ch\u00e0y Pickleball"},"content":{"rendered":"<p><img data-recalc-dims=\"1\" alt=\"\" fetchpriority=\"high\" decoding=\"async\" data-attachment-id=\"2032\" data-permalink=\"https:\/\/jxycf.com\/vi\/?attachment_id=2032\" data-orig-file=\"https:\/\/i0.wp.com\/jxycf.com\/wp-content\/uploads\/2025\/02\/01-1.jpg?fit=790%2C1602&amp;ssl=1\" data-orig-size=\"790,1602\" data-comments-opened=\"1\" data-image-meta=\"{&quot;aperture&quot;:&quot;0&quot;,&quot;credit&quot;:&quot;&quot;,&quot;camera&quot;:&quot;&quot;,&quot;caption&quot;:&quot;&quot;,&quot;created_timestamp&quot;:&quot;0&quot;,&quot;copyright&quot;:&quot;&quot;,&quot;focal_length&quot;:&quot;0&quot;,&quot;iso&quot;:&quot;0&quot;,&quot;shutter_speed&quot;:&quot;0&quot;,&quot;title&quot;:&quot;&quot;,&quot;orientation&quot;:&quot;1&quot;}\" data-image-title=\"01\" data-image-description=\"\" data-image-caption=\"\" data-large-file=\"https:\/\/i0.wp.com\/jxycf.com\/wp-content\/uploads\/2025\/02\/01-1.jpg?fit=505%2C1024&amp;ssl=1\" class=\"alignnone wp-image-2032 aligncenter\" src=\"https:\/\/i0.wp.com\/jxycf.com\/wp-content\/uploads\/2025\/02\/01-1.jpg?resize=650%2C1318&#038;ssl=1\" width=\"650\" height=\"1318\" srcset=\"https:\/\/i0.wp.com\/jxycf.com\/wp-content\/uploads\/2025\/02\/01-1.jpg?resize=148%2C300&amp;ssl=1 148w, https:\/\/i0.wp.com\/jxycf.com\/wp-content\/uploads\/2025\/02\/01-1.jpg?resize=505%2C1024&amp;ssl=1 505w, https:\/\/i0.wp.com\/jxycf.com\/wp-content\/uploads\/2025\/02\/01-1.jpg?resize=768%2C1557&amp;ssl=1 768w, https:\/\/i0.wp.com\/jxycf.com\/wp-content\/uploads\/2025\/02\/01-1.jpg?resize=757%2C1536&amp;ssl=1 757w, https:\/\/i0.wp.com\/jxycf.com\/wp-content\/uploads\/2025\/02\/01-1.jpg?resize=600%2C1217&amp;ssl=1 600w, https:\/\/i0.wp.com\/jxycf.com\/wp-content\/uploads\/2025\/02\/01-1.jpg?w=790&amp;ssl=1 790w\" sizes=\"(max-width: 650px) 100vw, 650px\" \/><\/p>\n<p style=\"text-align: center;\"><img data-recalc-dims=\"1\" alt=\"\" decoding=\"async\" data-attachment-id=\"2034\" data-permalink=\"https:\/\/jxycf.com\/vi\/?attachment_id=2034\" data-orig-file=\"https:\/\/i0.wp.com\/jxycf.com\/wp-content\/uploads\/2025\/02\/02-1.jpg?fit=790%2C1184&amp;ssl=1\" data-orig-size=\"790,1184\" data-comments-opened=\"1\" data-image-meta=\"{&quot;aperture&quot;:&quot;0&quot;,&quot;credit&quot;:&quot;&quot;,&quot;camera&quot;:&quot;&quot;,&quot;caption&quot;:&quot;&quot;,&quot;created_timestamp&quot;:&quot;0&quot;,&quot;copyright&quot;:&quot;&quot;,&quot;focal_length&quot;:&quot;0&quot;,&quot;iso&quot;:&quot;0&quot;,&quot;shutter_speed&quot;:&quot;0&quot;,&quot;title&quot;:&quot;&quot;,&quot;orientation&quot;:&quot;1&quot;}\" data-image-title=\"02\" data-image-description=\"\" data-image-caption=\"\" data-large-file=\"https:\/\/i0.wp.com\/jxycf.com\/wp-content\/uploads\/2025\/02\/02-1.jpg?fit=683%2C1024&amp;ssl=1\" class=\"alignnone wp-image-2034\" src=\"https:\/\/i0.wp.com\/jxycf.com\/wp-content\/uploads\/2025\/02\/02-1.jpg?resize=650%2C975&#038;ssl=1\" width=\"650\" height=\"975\" srcset=\"https:\/\/i0.wp.com\/jxycf.com\/wp-content\/uploads\/2025\/02\/02-1.jpg?resize=200%2C300&amp;ssl=1 200w, https:\/\/i0.wp.com\/jxycf.com\/wp-content\/uploads\/2025\/02\/02-1.jpg?resize=683%2C1024&amp;ssl=1 683w, https:\/\/i0.wp.com\/jxycf.com\/wp-content\/uploads\/2025\/02\/02-1.jpg?resize=768%2C1151&amp;ssl=1 768w, https:\/\/i0.wp.com\/jxycf.com\/wp-content\/uploads\/2025\/02\/02-1.jpg?resize=600%2C899&amp;ssl=1 600w, https:\/\/i0.wp.com\/jxycf.com\/wp-content\/uploads\/2025\/02\/02-1.jpg?w=790&amp;ssl=1 790w\" sizes=\"(max-width: 650px) 100vw, 650px\" \/><\/p>\n<p style=\"text-align: center;\"><img data-recalc-dims=\"1\" alt=\"\" decoding=\"async\" data-attachment-id=\"2474\" data-permalink=\"https:\/\/jxycf.com\/vi\/?attachment_id=2474\" data-orig-file=\"https:\/\/i0.wp.com\/jxycf.com\/wp-content\/uploads\/2025\/03\/003.jpg?fit=790%2C2279&amp;ssl=1\" data-orig-size=\"790,2279\" data-comments-opened=\"1\" data-image-meta=\"{&quot;aperture&quot;:&quot;0&quot;,&quot;credit&quot;:&quot;&quot;,&quot;camera&quot;:&quot;&quot;,&quot;caption&quot;:&quot;&quot;,&quot;created_timestamp&quot;:&quot;0&quot;,&quot;copyright&quot;:&quot;&quot;,&quot;focal_length&quot;:&quot;0&quot;,&quot;iso&quot;:&quot;0&quot;,&quot;shutter_speed&quot;:&quot;0&quot;,&quot;title&quot;:&quot;&quot;,&quot;orientation&quot;:&quot;0&quot;}\" data-image-title=\"003\" data-image-description=\"\" data-image-caption=\"\" data-large-file=\"https:\/\/i0.wp.com\/jxycf.com\/wp-content\/uploads\/2025\/03\/003.jpg?fit=355%2C1024&amp;ssl=1\" class=\"alignnone wp-image-2474\" src=\"https:\/\/i0.wp.com\/jxycf.com\/wp-content\/uploads\/2025\/03\/003.jpg?resize=650%2C1875&#038;ssl=1\" width=\"650\" height=\"1875\" srcset=\"https:\/\/i0.wp.com\/jxycf.com\/wp-content\/uploads\/2025\/03\/003.jpg?resize=104%2C300&amp;ssl=1 104w, https:\/\/i0.wp.com\/jxycf.com\/wp-content\/uploads\/2025\/03\/003.jpg?resize=355%2C1024&amp;ssl=1 355w, https:\/\/i0.wp.com\/jxycf.com\/wp-content\/uploads\/2025\/03\/003.jpg?resize=768%2C2216&amp;ssl=1 768w, https:\/\/i0.wp.com\/jxycf.com\/wp-content\/uploads\/2025\/03\/003.jpg?resize=532%2C1536&amp;ssl=1 532w, https:\/\/i0.wp.com\/jxycf.com\/wp-content\/uploads\/2025\/03\/003.jpg?resize=710%2C2048&amp;ssl=1 710w, https:\/\/i0.wp.com\/jxycf.com\/wp-content\/uploads\/2025\/03\/003.jpg?resize=600%2C1731&amp;ssl=1 600w, https:\/\/i0.wp.com\/jxycf.com\/wp-content\/uploads\/2025\/03\/003.jpg?w=790&amp;ssl=1 790w\" sizes=\"(max-width: 650px) 100vw, 650px\" \/><\/p>\n<p><img data-recalc-dims=\"1\" alt=\"\" loading=\"lazy\" decoding=\"async\" data-attachment-id=\"2036\" data-permalink=\"https:\/\/jxycf.com\/vi\/?attachment_id=2036\" data-orig-file=\"https:\/\/i0.wp.com\/jxycf.com\/wp-content\/uploads\/2025\/02\/06.jpg?fit=790%2C1192&amp;ssl=1\" data-orig-size=\"790,1192\" data-comments-opened=\"1\" data-image-meta=\"{&quot;aperture&quot;:&quot;0&quot;,&quot;credit&quot;:&quot;&quot;,&quot;camera&quot;:&quot;&quot;,&quot;caption&quot;:&quot;&quot;,&quot;created_timestamp&quot;:&quot;0&quot;,&quot;copyright&quot;:&quot;&quot;,&quot;focal_length&quot;:&quot;0&quot;,&quot;iso&quot;:&quot;0&quot;,&quot;shutter_speed&quot;:&quot;0&quot;,&quot;title&quot;:&quot;&quot;,&quot;orientation&quot;:&quot;1&quot;}\" data-image-title=\"06\" data-image-description=\"\" data-image-caption=\"\" data-large-file=\"https:\/\/i0.wp.com\/jxycf.com\/wp-content\/uploads\/2025\/02\/06.jpg?fit=679%2C1024&amp;ssl=1\" class=\"wp-image-2036 aligncenter\" src=\"https:\/\/i0.wp.com\/jxycf.com\/wp-content\/uploads\/2025\/02\/06.jpg?resize=650%2C980&#038;ssl=1\" width=\"650\" height=\"980\" srcset=\"https:\/\/i0.wp.com\/jxycf.com\/wp-content\/uploads\/2025\/02\/06.jpg?resize=199%2C300&amp;ssl=1 199w, https:\/\/i0.wp.com\/jxycf.com\/wp-content\/uploads\/2025\/02\/06.jpg?resize=679%2C1024&amp;ssl=1 679w, https:\/\/i0.wp.com\/jxycf.com\/wp-content\/uploads\/2025\/02\/06.jpg?resize=768%2C1159&amp;ssl=1 768w, https:\/\/i0.wp.com\/jxycf.com\/wp-content\/uploads\/2025\/02\/06.jpg?resize=600%2C905&amp;ssl=1 600w, https:\/\/i0.wp.com\/jxycf.com\/wp-content\/uploads\/2025\/02\/06.jpg?w=790&amp;ssl=1 790w\" sizes=\"(max-width: 650px) 100vw, 650px\" \/><\/p>","protected":false},"excerpt":{"rendered":"","protected":false},"featured_media":8492,"comment_status":"open","ping_status":"closed","template":"","meta":{"_seopress_robots_primary_cat":"","_seopress_titles_title":"","_seopress_titles_desc":"","_seopress_robots_index":"","_crdt_document":"","_uag_custom_page_level_css":"","site-sidebar-layout":"default","site-content-layout":"","ast-site-content-layout":"default","site-content-style":"default","site-sidebar-style":"default","ast-global-header-display":"","ast-banner-title-visibility":"","ast-main-header-display":"","ast-hfb-above-header-display":"","ast-hfb-below-header-display":"","ast-hfb-mobile-header-display":"","site-post-title":"","ast-breadcrumbs-content":"","ast-featured-img":"","footer-sml-layout":"","ast-disable-related-posts":"","theme-transparent-header-meta":"default","adv-header-id-meta":"","stick-header-meta":"default","header-above-stick-meta":"","header-main-stick-meta":"","header-below-stick-meta":"","astra-migrate-meta-layouts":"set","ast-page-background-enabled":"default","ast-page-background-meta":{"desktop":{"background-color":"var(--ast-global-color-4)","background-image":"","background-repeat":"repeat","background-position":"center center","background-size":"auto","background-attachment":"scroll","background-type":"","background-media":"","overlay-type":"","overlay-color":"","overlay-opacity":"","overlay-gradient":""},"tablet":{"background-color":"","background-image":"","background-repeat":"repeat","background-position":"center center","background-size":"auto","background-attachment":"scroll","background-type":"","background-media":"","overlay-type":"","overlay-color":"","overlay-opacity":"","overlay-gradient":""},"mobile":{"background-color":"","background-image":"","background-repeat":"repeat","background-position":"center center","background-size":"auto","background-attachment":"scroll","background-type":"","background-media":"","overlay-type":"","overlay-color":"","overlay-opacity":"","overlay-gradient":""}},"ast-content-background-meta":{"desktop":{"background-color":"var(--ast-global-color-5)","background-image":"","background-repeat":"repeat","background-position":"center center","background-size":"auto","background-attachment":"scroll","background-type":"","background-media":"","overlay-type":"","overlay-color":"","overlay-opacity":"","overlay-gradient":""},"tablet":{"background-color":"var(--ast-global-color-5)","background-image":"","background-repeat":"repeat","background-position":"center center","background-size":"auto","background-attachment":"scroll","background-type":"","background-media":"","overlay-type":"","overlay-color":"","overlay-opacity":"","overlay-gradient":""},"mobile":{"background-color":"var(--ast-global-color-5)","background-image":"","background-repeat":"repeat","background-position":"center center","background-size":"auto","background-attachment":"scroll","background-type":"","background-media":"","overlay-type":"","overlay-color":"","overlay-opacity":"","overlay-gradient":""}},"jetpack_publicize_message":"","jetpack_publicize_feature_enabled":true,"jetpack_social_post_already_shared":true,"jetpack_social_options":{"image_generator_settings":{"template":"highway","default_image_id":0,"font":"","enabled":false},"version":2},"_wpas_customize_per_network":false},"product_brand":[],"product_cat":[1403,1406],"product_tag":[1421,1422],"class_list":{"0":"post-2031","1":"product","2":"type-product","3":"status-publish","4":"has-post-thumbnail","6":"product_cat-accessories","7":"product_cat-pickleball-paddle-eraser","8":"product_tag-accessories","9":"product_tag-pickleball-paddle-eraser","10":"desktop-align-left","11":"tablet-align-left","12":"mobile-align-left","13":"ast-col-sm-12","14":"ast-article-post","15":"ast-width-md-12","16":"ast-archive-post","17":"ast-product-gallery-layout-horizontal-slider","18":"ast-product-tabs-layout-horizontal","20":"first","21":"instock","22":"shipping-taxable","23":"purchasable","24":"product-type-simple"},"jetpack_publicize_connections":[],"spectra_custom_meta":{"_created_via":["post-new"],"_last_editor_used_jetpack":["classic-editor"],"_edit_lock":["1744682110:262609541"],"_edit_last":["262609541"],"cartflows_redirect_flow_id":[""],"cartflows_add_to_cart_text":[""],"total_sales":["0"],"_tax_status":["taxable"],"_tax_class":[""],"_manage_stock":["no"],"_backorders":["no"],"_sold_individually":["no"],"_virtual":["no"],"_downloadable":["no"],"_download_limit":["-1"],"_download_expiry":["-1"],"_stock":[null],"_stock_status":["instock"],"_wc_average_rating":["0"],"_wc_review_count":["0"],"_product_version":["9.8.1"],"_regular_price":["9.9"],"_price":["9.9"],"site-sidebar-layout":["default"],"ast-site-content-layout":["default"],"site-content-style":["default"],"site-sidebar-style":["default"],"theme-transparent-header-meta":["default"],"stick-header-meta":["default"],"_thumbnail_id":["8492"],"_product_image_gallery":["8493,8494,8495"],"_wpas_done_all":["1"],"_wp_page_template":["default"],"_wpt_override_product-features":["no"],"_wpt_override_faq":["no"],"_wpt_override_why-jusain":["no"],"ekit_post_views_count":["2022"],"astra-migrate-meta-layouts":["set"],"_uag_css_file_name":["uag-css-2031.css"],"_elementor_page_assets":["a:0:{}"],"_uag_page_assets":["a:9:{s:3:\"css\";s:0:\"\";s:2:\"js\";s:0:\"\";s:18:\"current_block_list\";a:7:{i:0;s:11:\"core\/search\";i:1;s:10:\"core\/group\";i:2;s:12:\"core\/heading\";i:3;s:17:\"core\/latest-posts\";i:4;s:20:\"core\/latest-comments\";i:5;s:13:\"core\/archives\";i:6;s:15:\"core\/categories\";}s:8:\"uag_flag\";b:0;s:11:\"uag_version\";s:10:\"1776746609\";s:6:\"gfonts\";a:0:{}s:10:\"gfonts_url\";s:0:\"\";s:12:\"gfonts_files\";a:0:{}s:14:\"uag_faq_layout\";b:0;}"]},"uagb_featured_image_src":{"full":["https:\/\/i0.wp.com\/jxycf.com\/wp-content\/uploads\/2025\/02\/01-44.jpg?fit=1000%2C1000&ssl=1",1000,1000,false],"thumbnail":["https:\/\/i0.wp.com\/jxycf.com\/wp-content\/uploads\/2025\/02\/01-44.jpg?resize=150%2C150&ssl=1",150,150,true],"medium":["https:\/\/i0.wp.com\/jxycf.com\/wp-content\/uploads\/2025\/02\/01-44.jpg?fit=300%2C300&ssl=1",300,300,true],"medium_large":["https:\/\/i0.wp.com\/jxycf.com\/wp-content\/uploads\/2025\/02\/01-44.jpg?fit=768%2C768&ssl=1",768,768,true],"large":["https:\/\/i0.wp.com\/jxycf.com\/wp-content\/uploads\/2025\/02\/01-44.jpg?fit=1000%2C1000&ssl=1",1000,1000,true],"1536x1536":["https:\/\/i0.wp.com\/jxycf.com\/wp-content\/uploads\/2025\/02\/01-44.jpg?fit=1000%2C1000&ssl=1",1000,1000,true],"2048x2048":["https:\/\/i0.wp.com\/jxycf.com\/wp-content\/uploads\/2025\/02\/01-44.jpg?fit=1000%2C1000&ssl=1",1000,1000,true],"trp-custom-language-flag":["https:\/\/i0.wp.com\/jxycf.com\/wp-content\/uploads\/2025\/02\/01-44.jpg?fit=12%2C12&ssl=1",12,12,true],"newspack-article-block-landscape-large":["https:\/\/i0.wp.com\/jxycf.com\/wp-content\/uploads\/2025\/02\/01-44.jpg?resize=1000%2C900&ssl=1",1000,900,true],"newspack-article-block-portrait-large":["https:\/\/i0.wp.com\/jxycf.com\/wp-content\/uploads\/2025\/02\/01-44.jpg?resize=900%2C1000&ssl=1",900,1000,true],"newspack-article-block-square-large":["https:\/\/i0.wp.com\/jxycf.com\/wp-content\/uploads\/2025\/02\/01-44.jpg?resize=1000%2C1000&ssl=1",1000,1000,true],"newspack-article-block-landscape-medium":["https:\/\/i0.wp.com\/jxycf.com\/wp-content\/uploads\/2025\/02\/01-44.jpg?resize=800%2C600&ssl=1",800,600,true],"newspack-article-block-portrait-medium":["https:\/\/i0.wp.com\/jxycf.com\/wp-content\/uploads\/2025\/02\/01-44.jpg?resize=600%2C800&ssl=1",600,800,true],"newspack-article-block-square-medium":["https:\/\/i0.wp.com\/jxycf.com\/wp-content\/uploads\/2025\/02\/01-44.jpg?resize=800%2C800&ssl=1",800,800,true],"newspack-article-block-landscape-intermediate":["https:\/\/i0.wp.com\/jxycf.com\/wp-content\/uploads\/2025\/02\/01-44.jpg?resize=600%2C450&ssl=1",600,450,true],"newspack-article-block-portrait-intermediate":["https:\/\/i0.wp.com\/jxycf.com\/wp-content\/uploads\/2025\/02\/01-44.jpg?resize=450%2C600&ssl=1",450,600,true],"newspack-article-block-square-intermediate":["https:\/\/i0.wp.com\/jxycf.com\/wp-content\/uploads\/2025\/02\/01-44.jpg?resize=600%2C600&ssl=1",600,600,true],"newspack-article-block-landscape-small":["https:\/\/i0.wp.com\/jxycf.com\/wp-content\/uploads\/2025\/02\/01-44.jpg?resize=400%2C300&ssl=1",400,300,true],"newspack-article-block-portrait-small":["https:\/\/i0.wp.com\/jxycf.com\/wp-content\/uploads\/2025\/02\/01-44.jpg?resize=300%2C400&ssl=1",300,400,true],"newspack-article-block-square-small":["https:\/\/i0.wp.com\/jxycf.com\/wp-content\/uploads\/2025\/02\/01-44.jpg?resize=400%2C400&ssl=1",400,400,true],"newspack-article-block-landscape-tiny":["https:\/\/i0.wp.com\/jxycf.com\/wp-content\/uploads\/2025\/02\/01-44.jpg?resize=200%2C150&ssl=1",200,150,true],"newspack-article-block-portrait-tiny":["https:\/\/i0.wp.com\/jxycf.com\/wp-content\/uploads\/2025\/02\/01-44.jpg?resize=150%2C200&ssl=1",150,200,true],"newspack-article-block-square-tiny":["https:\/\/i0.wp.com\/jxycf.com\/wp-content\/uploads\/2025\/02\/01-44.jpg?resize=200%2C200&ssl=1",200,200,true],"newspack-article-block-uncropped":["https:\/\/i0.wp.com\/jxycf.com\/wp-content\/uploads\/2025\/02\/01-44.jpg?fit=1000%2C1000&ssl=1",1000,1000,true],"woocommerce_thumbnail":["https:\/\/i0.wp.com\/jxycf.com\/wp-content\/uploads\/2025\/02\/01-44.jpg?resize=300%2C300&ssl=1",300,300,true],"woocommerce_single":["https:\/\/i0.wp.com\/jxycf.com\/wp-content\/uploads\/2025\/02\/01-44.jpg?fit=600%2C600&ssl=1",600,600,true],"woocommerce_gallery_thumbnail":["https:\/\/i0.wp.com\/jxycf.com\/wp-content\/uploads\/2025\/02\/01-44.jpg?resize=100%2C100&ssl=1",100,100,true]},"uagb_author_info":{"display_name":"juxinyin","author_link":"https:\/\/jxycf.com\/vi\/author\/"},"uagb_comment_info":0,"uagb_excerpt":null,"jetpack_likes_enabled":true,"jetpack_sharing_enabled":true,"jetpack-related-posts":[{"id":2394,"url":"https:\/\/jxycf.com\/vi\/product\/new-design-beginners-10mm-13mm-16mm-pickleball-glass-fiber-paddle-usapa-pickleball-paddle-racket-glassfiber-pickleball-paddle\/","url_meta":{"origin":2031,"position":0},"title":"New Design Beginners 10MM 13MM 16MM Pickleball Glass Fiber Paddle USAPA Pickleball Paddle Racket Glassfiber Pickleball Paddle","author":"juxinyin","date":"Th\u00e1ng 3 3, 2025","format":false,"excerpt":"Paddle Face: Carbon Fiber Paddle Length: 16.33\" Paddle Width: 7.28\" Handle Length: 5.71\" Weight: 7.76 - 8.3 oz Process: Cold Pressing Core Material: PP Honeycomb Core Paddle Thickness: 10\/13\/16mm Edge Guard: Edged Manufacturer: JUSAIN","rel":"","context":"B\u00e0i t\u01b0\u01a1ng t\u1ef1","block_context":{"text":"B\u00e0i t\u01b0\u01a1ng t\u1ef1","link":""},"img":{"alt_text":"","src":"https:\/\/i0.wp.com\/jxycf.com\/wp-content\/uploads\/2025\/03\/01-30.jpg?fit=1000%2C1000&ssl=1&resize=350%2C200","width":350,"height":200,"srcset":"https:\/\/i0.wp.com\/jxycf.com\/wp-content\/uploads\/2025\/03\/01-30.jpg?fit=1000%2C1000&ssl=1&resize=350%2C200 1x, https:\/\/i0.wp.com\/jxycf.com\/wp-content\/uploads\/2025\/03\/01-30.jpg?fit=1000%2C1000&ssl=1&resize=525%2C300 1.5x, https:\/\/i0.wp.com\/jxycf.com\/wp-content\/uploads\/2025\/03\/01-30.jpg?fit=1000%2C1000&ssl=1&resize=700%2C400 2x"},"classes":[]},{"id":2216,"url":"https:\/\/jxycf.com\/vi\/product\/fashion-sports-new-product-high-quality-pickleball-paddle-carbonn-fiber-customizable-20mm-pickleball-paddle-usapa\/","url_meta":{"origin":2031,"position":1},"title":"Th\u1eddi trang Th\u1ec3 thao S\u1ea3n ph\u1ea9m m\u1edbi V\u1ee3t b\u00f3ng ch\u00e0y ch\u1ea5t l\u01b0\u1ee3ng cao S\u1ee3i carbon t\u00f9y ch\u1ec9nh 20MM V\u1ee3t b\u00f3ng ch\u00e0y USAPA","author":"juxinyin","date":"Th\u00e1ng 2 27, 2025","format":false,"excerpt":"M\u1eb7t m\u00e1i ch\u00e8o: S\u1ee3i carbon Chi\u1ec1u d\u00e0i m\u00e1i ch\u00e8o: 15,75&quot; Chi\u1ec1u r\u1ed9ng m\u00e1i ch\u00e8o: 8,07&quot; Chi\u1ec1u d\u00e0i tay c\u1ea7m: 5,12&quot; Tr\u1ecdng l\u01b0\u1ee3ng: 8,3 - 8,5 oz Quy tr\u00ecnh: Nhi\u1ec7t luy\u1ec7n V\u1eadt li\u1ec7u l\u00f5i: L\u00f5i t\u1ed5 ong PP \u0110\u1ed9 d\u00e0y m\u00e1i ch\u00e8o: 20mm B\u1ea3o v\u1ec7 c\u1ea1nh: Kh\u00f4ng c\u1ea1nh Nh\u00e0 s\u1ea3n xu\u1ea5t: JUSAIN","rel":"","context":"B\u00e0i t\u01b0\u01a1ng t\u1ef1","block_context":{"text":"B\u00e0i t\u01b0\u01a1ng t\u1ef1","link":""},"img":{"alt_text":"","src":"https:\/\/i0.wp.com\/jxycf.com\/wp-content\/uploads\/2025\/02\/01-65.jpg?fit=1000%2C1000&ssl=1&resize=350%2C200","width":350,"height":200,"srcset":"https:\/\/i0.wp.com\/jxycf.com\/wp-content\/uploads\/2025\/02\/01-65.jpg?fit=1000%2C1000&ssl=1&resize=350%2C200 1x, https:\/\/i0.wp.com\/jxycf.com\/wp-content\/uploads\/2025\/02\/01-65.jpg?fit=1000%2C1000&ssl=1&resize=525%2C300 1.5x, https:\/\/i0.wp.com\/jxycf.com\/wp-content\/uploads\/2025\/02\/01-65.jpg?fit=1000%2C1000&ssl=1&resize=700%2C400 2x"},"classes":[]},{"id":2101,"url":"https:\/\/jxycf.com\/vi\/product\/2024-sport-professional-16mm-carbon-fiber-pickleball-paddle-high-quality-model-china-factory-directly-oem\/","url_meta":{"origin":2031,"position":2},"title":"V\u1ee3t b\u00f3ng ch\u00e0y chuy\u00ean nghi\u1ec7p SPORT 16MM b\u1eb1ng s\u1ee3i carbon ch\u1ea5t l\u01b0\u1ee3ng cao m\u1eabu m\u1edbi nh\u1ea5t c\u1ee7a Trung Qu\u1ed1c tr\u1ef1c ti\u1ebfp t\u1eeb nh\u00e0 m\u00e1y OEM","author":"juxinyin","date":"Th\u00e1ng 2 27, 2025","format":false,"excerpt":"Paddle Face: Carbon Fiber Paddle Length: 16.42\" Paddle Width: 7.4\" Handle Length: 5.47\" Weight: 8.0 - 8.6 oz Process: Cold Pressing Core Material: PP Honeycomb Core Paddle Thickness: 13\/16mm Edge Guard: Edged Manufacturer: JUSAIN The 2024 Professional Carbon Fiber Pickleball Paddle combines cutting-edge technology with premium materials to offer unmatched\u2026","rel":"","context":"B\u00e0i t\u01b0\u01a1ng t\u1ef1","block_context":{"text":"B\u00e0i t\u01b0\u01a1ng t\u1ef1","link":""},"img":{"alt_text":"","src":"https:\/\/i0.wp.com\/jxycf.com\/wp-content\/uploads\/2025\/02\/01-51.jpg?fit=1000%2C1000&ssl=1&resize=350%2C200","width":350,"height":200,"srcset":"https:\/\/i0.wp.com\/jxycf.com\/wp-content\/uploads\/2025\/02\/01-51.jpg?fit=1000%2C1000&ssl=1&resize=350%2C200 1x, https:\/\/i0.wp.com\/jxycf.com\/wp-content\/uploads\/2025\/02\/01-51.jpg?fit=1000%2C1000&ssl=1&resize=525%2C300 1.5x, https:\/\/i0.wp.com\/jxycf.com\/wp-content\/uploads\/2025\/02\/01-51.jpg?fit=1000%2C1000&ssl=1&resize=700%2C400 2x"},"classes":[]},{"id":2208,"url":"https:\/\/jxycf.com\/vi\/product\/custom-logo-carbon-fiber-pickleball-paddle-with-11mm-carbon-fiber-surface-pickleball-paddle\/","url_meta":{"origin":2031,"position":3},"title":"V\u1ee3t b\u00f3ng ch\u00e0y s\u1ee3i carbon LOGO t\u00f9y ch\u1ec9nh v\u1edbi b\u1ec1 m\u1eb7t s\u1ee3i carbon 11MM V\u1ee3t b\u00f3ng ch\u00e0y","author":"juxinyin","date":"Th\u00e1ng 2 27, 2025","format":false,"excerpt":"Paddle Face: Carbon Fiber Paddle Length: 15.75\" Paddle Width: 7.68\" Handle Length: 5.12\" Weight: 7.76 - 8.3 oz Process: Thermoformed Core Material: PP Honeycomb Core Paddle Thickness: 11\/16mm Edge Guard: Edgeless Manufacturer: JUSAIN","rel":"","context":"B\u00e0i t\u01b0\u01a1ng t\u1ef1","block_context":{"text":"B\u00e0i t\u01b0\u01a1ng t\u1ef1","link":""},"img":{"alt_text":"","src":"https:\/\/i0.wp.com\/jxycf.com\/wp-content\/uploads\/2025\/02\/01-64.jpg?fit=1000%2C1000&ssl=1&resize=350%2C200","width":350,"height":200,"srcset":"https:\/\/i0.wp.com\/jxycf.com\/wp-content\/uploads\/2025\/02\/01-64.jpg?fit=1000%2C1000&ssl=1&resize=350%2C200 1x, https:\/\/i0.wp.com\/jxycf.com\/wp-content\/uploads\/2025\/02\/01-64.jpg?fit=1000%2C1000&ssl=1&resize=525%2C300 1.5x, https:\/\/i0.wp.com\/jxycf.com\/wp-content\/uploads\/2025\/02\/01-64.jpg?fit=1000%2C1000&ssl=1&resize=700%2C400 2x"},"classes":[]},{"id":2070,"url":"https:\/\/jxycf.com\/vi\/product\/carbon-fiber-pickleball-paddle-carbon-thermoformed-pickleball-paddle-cushion-grip\/","url_meta":{"origin":2031,"position":4},"title":"V\u1ee3t b\u00f3ng ch\u00e0y b\u1eb1ng s\u1ee3i carbon, \u0111\u1ec7m tay c\u1ea7m b\u1eb1ng s\u1ee3i carbon ch\u1ecbu nhi\u1ec7t","author":"juxinyin","date":"Th\u00e1ng 2 27, 2025","format":false,"excerpt":"Paddle Face: Carbon Fiber Paddle Length: 15.75\" Paddle Width: 7.68\" Handle Length: 5.12\" Weight: 7.76 - 8.3 oz Process: Thermoformed Core Material: PP Honeycomb Core Paddle Thickness: 16mm Edge Guard: Edgeless Manufacturer: JUSAIN","rel":"","context":"B\u00e0i t\u01b0\u01a1ng t\u1ef1","block_context":{"text":"B\u00e0i t\u01b0\u01a1ng t\u1ef1","link":""},"img":{"alt_text":"","src":"https:\/\/i0.wp.com\/jxycf.com\/wp-content\/uploads\/2025\/02\/01-47.jpg?fit=1000%2C1000&ssl=1&resize=350%2C200","width":350,"height":200,"srcset":"https:\/\/i0.wp.com\/jxycf.com\/wp-content\/uploads\/2025\/02\/01-47.jpg?fit=1000%2C1000&ssl=1&resize=350%2C200 1x, https:\/\/i0.wp.com\/jxycf.com\/wp-content\/uploads\/2025\/02\/01-47.jpg?fit=1000%2C1000&ssl=1&resize=525%2C300 1.5x, https:\/\/i0.wp.com\/jxycf.com\/wp-content\/uploads\/2025\/02\/01-47.jpg?fit=1000%2C1000&ssl=1&resize=700%2C400 2x"},"classes":[]},{"id":2118,"url":"https:\/\/jxycf.com\/vi\/product\/professional-manufacturer-oem-custom-logo-carbon-fiber-surface-pickleball-paddle-outdoor-16mm-carbon-fiber-pickleball-paddle\/","url_meta":{"origin":2031,"position":5},"title":"Nh\u00e0 s\u1ea3n xu\u1ea5t chuy\u00ean nghi\u1ec7p OEM Logo t\u00f9y ch\u1ec9nh B\u1ec1 m\u1eb7t s\u1ee3i carbon Pickleball V\u1ee3t ngo\u00e0i tr\u1eddi 16MM s\u1ee3i carbon Pickleball V\u1ee3t","author":"juxinyin","date":"Th\u00e1ng 2 27, 2025","format":false,"excerpt":"Paddle Face: Carbon Fiber Paddle Length: 15.75\" Paddle Width: 7.68\" Handle Length: 5.12\" Weight: 7.76 - 8.4 oz Process: Cold Pressing Core Material: PP Honeycomb Core Paddle Thickness: 13\/16mm Edge Guard: Edged Manufacturer: JUSAIN Professional Manufacturer OEM Custom Logo Carbon Fiber Surface Pickleball Paddle Outdoor 16MM Carbon Fiber Pickleball Paddle.","rel":"","context":"B\u00e0i t\u01b0\u01a1ng t\u1ef1","block_context":{"text":"B\u00e0i t\u01b0\u01a1ng t\u1ef1","link":""},"img":{"alt_text":"","src":"https:\/\/i0.wp.com\/jxycf.com\/wp-content\/uploads\/2025\/02\/01-53.jpg?fit=1000%2C1000&ssl=1&resize=350%2C200","width":350,"height":200,"srcset":"https:\/\/i0.wp.com\/jxycf.com\/wp-content\/uploads\/2025\/02\/01-53.jpg?fit=1000%2C1000&ssl=1&resize=350%2C200 1x, https:\/\/i0.wp.com\/jxycf.com\/wp-content\/uploads\/2025\/02\/01-53.jpg?fit=1000%2C1000&ssl=1&resize=525%2C300 1.5x, https:\/\/i0.wp.com\/jxycf.com\/wp-content\/uploads\/2025\/02\/01-53.jpg?fit=1000%2C1000&ssl=1&resize=700%2C400 2x"},"classes":[]}],"_links":{"self":[{"href":"https:\/\/jxycf.com\/vi\/wp-json\/wp\/v2\/product\/2031","targetHints":{"allow":["GET"]}}],"collection":[{"href":"https:\/\/jxycf.com\/vi\/wp-json\/wp\/v2\/product"}],"about":[{"href":"https:\/\/jxycf.com\/vi\/wp-json\/wp\/v2\/types\/product"}],"replies":[{"embeddable":true,"href":"https:\/\/jxycf.com\/vi\/wp-json\/wp\/v2\/comments?post=2031"}],"version-history":[{"count":6,"href":"https:\/\/jxycf.com\/vi\/wp-json\/wp\/v2\/product\/2031\/revisions"}],"predecessor-version":[{"id":2592,"href":"https:\/\/jxycf.com\/vi\/wp-json\/wp\/v2\/product\/2031\/revisions\/2592"}],"wp:featuredmedia":[{"embeddable":true,"href":"https:\/\/jxycf.com\/vi\/wp-json\/wp\/v2\/media\/8492"}],"wp:attachment":[{"href":"https:\/\/jxycf.com\/vi\/wp-json\/wp\/v2\/media?parent=2031"}],"wp:term":[{"taxonomy":"product_brand","embeddable":true,"href":"https:\/\/jxycf.com\/vi\/wp-json\/wp\/v2\/product_brand?post=2031"},{"taxonomy":"product_cat","embeddable":true,"href":"https:\/\/jxycf.com\/vi\/wp-json\/wp\/v2\/product_cat?post=2031"},{"taxonomy":"product_tag","embeddable":true,"href":"https:\/\/jxycf.com\/vi\/wp-json\/wp\/v2\/product_tag?post=2031"}],"curies":[{"name":"wp","href":"https:\/\/api.w.org\/{rel}","templated":true}]}}